{"id":223,"date":"2025-01-10T13:05:10","date_gmt":"2025-01-10T12:05:10","guid":{"rendered":"https:\/\/stg.tripleclick.sk\/ochrana-osobnich-udaju\/"},"modified":"2025-01-16T15:27:38","modified_gmt":"2025-01-16T14:27:38","slug":"ochrana-osobnich-udaju","status":"publish","type":"page","link":"https:\/\/tripleclick.smartbase.sk\/cs\/ochrana-osobnich-udaju\/","title":{"rendered":"Ochrana osobn\u00edch \u00fadaj\u016f"},"content":{"rendered":"\n<p class=\"has-text-align-left has-cyan-bluish-gray-color has-text-color has-link-color has-small-font-size wp-elements-d8e403dc56a5a3f37962731f90d96492\">Tyto z\u00e1sady ochrany osobn\u00edch \u00fadaj\u016f stanovuj\u00ed, jak spole\u010dnost Tripleclick shroma\u017e\u010fuje, zpracov\u00e1v\u00e1 a pou\u017e\u00edv\u00e1 va\u0161e osobn\u00ed \u00fadaje prost\u0159ednictv\u00edm va\u0161eho pou\u017e\u00edv\u00e1n\u00ed na\u0161ich slu\u017eeb.<\/p>\n\n<h2 class=\"wp-block-heading\">Definice<\/h2>\n\n<p class=\"has-cyan-bluish-gray-color has-text-color has-link-color has-small-font-size wp-elements-c887984d8b82f36640906e75bf29f8a5\"><strong>DPO<\/strong><strong class=\"privacy-policy-tutorial\"> <\/strong>znamen\u00e1 \u00da\u0159edn\u00edk pro ochranu osobn\u00edch \u00fadaj\u016f a je osobou speci\u00e1ln\u011b ur\u010denou k \u0159e\u0161en\u00ed va\u0161ich dotaz\u016f t\u00fdkaj\u00edc\u00edch se t\u00e9to politiky ochrany osobn\u00edch \u00fadaj\u016f a va\u0161ich osobn\u00edch \u00fadaj\u016f.<br\/><br\/><strong>Osobn\u00ed \u00fadaje<\/strong> znamenaj\u00ed jak\u00e9koli identifika\u010dn\u00ed \u00fadaje o v\u00e1s. Zahrnuje to, ale nen\u00ed omezeno na, n\u00e1sleduj\u00edc\u00ed: cookies a \u00fadaje o pou\u017e\u00edv\u00e1n\u00ed. <br\/><br\/><strong>Slu\u017eby<\/strong> znamenaj\u00ed v\u0161echny slu\u017eby poskytovan\u00e9 agenturou Tripleclick, v\u010detn\u011b (ale ne v\u00fdlu\u010dn\u011b) t\u00e9to webov\u00e9 str\u00e1nky.<br\/><br\/><strong>Webov\u00e1 str\u00e1nka<\/strong> znamen\u00e1 tuto webovou str\u00e1nku a v\u0161echny webov\u00e9 str\u00e1nky, aplikace a komunikace, kter\u00e9 obsahuj\u00ed odkaz na tuto politiku ochrany osobn\u00edch \u00fadaj\u016f.<br\/><\/p>\n\n<h2 class=\"wp-block-heading\">Shroma\u017e\u010fov\u00e1n\u00ed osobn\u00edch \u00fadaj\u016f<\/h2>\n\n<p class=\"has-small-font-size\">Shroma\u017e\u010fujeme a pou\u017e\u00edv\u00e1me osobn\u00ed \u00fadaje pouze v rozsahu pot\u0159ebn\u00e9m k poskytov\u00e1n\u00ed slu\u017eeb. Shroma\u017e\u010fujeme osobn\u00ed \u00fadaje pro webovou str\u00e1nku, abychom v\u00e1m poskytli lep\u0161\u00ed online z\u00e1\u017eitek. <\/p>\n\n<h2 class=\"wp-block-heading\">Uchov\u00e1v\u00e1n\u00ed osobn\u00edch \u00fadaj\u016f<\/h2>\n\n<p class=\"has-small-font-size\">Osobn\u00ed \u00fadaje uchov\u00e1v\u00e1me po nejkrat\u0161\u00ed dobu pot\u0159ebnou k poskytov\u00e1n\u00ed slu\u017eeb a spln\u011bn\u00ed v\u0161ech na\u0161ich pr\u00e1vn\u00edch a z\u00e1konn\u00fdch povinnost\u00ed. P\u0159i ur\u010dov\u00e1n\u00ed t\u00e9to doby zohled\u0148ujeme (i) povahu shrom\u00e1\u017ed\u011bn\u00fdch osobn\u00edch \u00fadaj\u016f a (ii) povahu na\u0161ich pr\u00e1vn\u00edch a z\u00e1konn\u00fdch povinnost\u00ed. V\u0161echny osobn\u00ed \u00fadaje, kter\u00e9 ji\u017e nepot\u0159ebujeme, jsou zni\u010deny a\/nebo vymaz\u00e1ny.    <\/p>\n\n<h2 class=\"wp-block-heading\">Osobn\u00ed \u00fadaje od t\u0159et\u00edch stran<\/h2>\n\n<p class=\"has-small-font-size\">M\u016f\u017eeme \u010das od \u010dasu z\u00edskat osobn\u00ed \u00fadaje od t\u0159et\u00edch stran, abychom l\u00e9pe p\u0159izp\u016fsobili na\u0161e slu\u017eby v\u00e1m (Osobn\u00ed \u00fadaje od t\u0159et\u00edch stran). Kdy\u017e z\u00edsk\u00e1me osobn\u00ed \u00fadaje od t\u0159et\u00edch stran, informujeme v\u00e1s o tom do jednoho m\u011bs\u00edce. Pokud pou\u017eijeme nebo sd\u00edl\u00edme osobn\u00ed \u00fadaje od t\u0159et\u00edch stran, okam\u017eit\u011b v\u00e1s o tom informujeme.  <\/p>\n\n<h2 class=\"wp-block-heading\">Va\u0161e pr\u00e1va<\/h2>\n\n<p>Pokud jde o osobn\u00ed \u00fadaje, kter\u00e9 dr\u017e\u00edme, m\u00e1te n\u00e1sleduj\u00edc\u00ed pr\u00e1va:<\/p>\n\n<ul class=\"wp-block-list\">\n<li>P\u0159\u00edstup: M\u016f\u017eete od n\u00e1s po\u017eadovat p\u0159\u00edstup k \u00fadaj\u016fm, kter\u00e9 o v\u00e1s dr\u017e\u00edme.<\/li>\n\n\n\n<li>Oprava: Pokud jsou \u00fadaje, kter\u00e9 dr\u017e\u00edme, nep\u0159esn\u00e9, m\u016f\u017eete po\u017eadovat, abychom je opravili. Pokud jsou \u00fadaje, kter\u00e9 dr\u017e\u00edme, ne\u00fapln\u00e9, m\u016f\u017eete po\u017eadovat, abychom je doplnili. <\/li>\n\n\n\n<li>Vymaz\u00e1n\u00ed: Podl\u00e9haj\u00ed-li ur\u010dit\u00fdm podm\u00ednk\u00e1m, m\u016f\u017eete po\u017eadovat, abychom vymazali v\u0161echny \u00fadaje, kter\u00e9 o v\u00e1s dr\u017e\u00edme.<\/li>\n\n\n\n<li>Omezen\u00ed: Podl\u00e9h\u00e1-li ur\u010dit\u00fdm podm\u00ednk\u00e1m, m\u016f\u017eete po\u017eadovat, aby se omezilo zpracov\u00e1n\u00ed \u00fadaj\u016f, kter\u00e9 o v\u00e1s dr\u017e\u00edme.<\/li>\n\n\n\n<li>P\u0159enositelnost: Podl\u00e9h\u00e1-li ur\u010dit\u00fdm podm\u00ednk\u00e1m, m\u016f\u017eete po\u017eadovat, aby byly v\u0161echny \u00fadaje, kter\u00e9 o v\u00e1s dr\u017e\u00edme, p\u0159eneseny t\u0159et\u00ed stran\u011b (v\u010detn\u011b v\u00e1s).<\/li>\n\n\n\n<li>N\u00e1mitky: Podl\u00e9h\u00e1-li ur\u010dit\u00fdm podm\u00ednk\u00e1m, m\u016f\u017eete vzn\u00e9st n\u00e1mitku proti zpracov\u00e1n\u00ed \u00fadaj\u016f, kter\u00e9 o v\u00e1s dr\u017e\u00edme.<\/li>\n<\/ul>\n\n<h2 class=\"wp-block-heading\">Soci\u00e1ln\u00ed m\u00e9dia<\/h2>\n\n<p class=\"has-small-font-size\">M\u016f\u017eete se rozhodnout zapojit se do na\u0161ich slu\u017eeb prost\u0159ednictv\u00edm r\u016fzn\u00fdch soci\u00e1ln\u00edch m\u00e9di\u00ed a platforem, jako je Facebook, Instagram a Twitter. Kdy\u017e interagujete s na\u0161imi slu\u017ebami prost\u0159ednictv\u00edm t\u011bchto soci\u00e1ln\u00edch m\u00e9di\u00ed, m\u016f\u017eete n\u00e1m umo\u017enit p\u0159ij\u00edmat osobn\u00ed \u00fadaje o tom, jak interagujete s na\u0161imi slu\u017ebami.<br\/>To bude z\u00e1viset na va\u0161em nastaven\u00ed ochrany osobn\u00edch \u00fadaj\u016f na ka\u017ed\u00e9 str\u00e1nce a platform\u011b soci\u00e1ln\u00edch m\u00e9di\u00ed. \u00dadaje, kter\u00e9 n\u00e1m poskytujete prost\u0159ednictv\u00edm interakc\u00ed s na\u0161imi slu\u017ebami na soci\u00e1ln\u00edch m\u00e9di\u00edch, budou pou\u017eity podle podm\u00ednek t\u00e9to politiky ochrany osobn\u00edch \u00fadaj\u016f.<br\/>V z\u00e1vislosti na va\u0161em nastaven\u00ed ochrany osobn\u00edch \u00fadaj\u016f na soci\u00e1ln\u00edch m\u00e9di\u00edch se mohou va\u0161e osobn\u00ed \u00fadaje st\u00e1t ve\u0159ejn\u00fdmi pro komunitu u\u017eivatel\u016f, kte\u0159\u00ed se rozhodnete zapojit do na\u0161ich slu\u017eeb prost\u0159ednictv\u00edm t\u011bchto platforem.<br\/>Pro dal\u0161\u00ed informace o tom, jak si m\u016f\u017eete p\u0159izp\u016fsobit sv\u00e9 nastaven\u00ed ochrany osobn\u00edch \u00fadaj\u016f na str\u00e1nk\u00e1ch soci\u00e1ln\u00edch m\u00e9di\u00ed a jak tyto str\u00e1nky zpracov\u00e1vaj\u00ed va\u0161e soukrom\u00ed, si pros\u00edm p\u0159e\u010dt\u011bte politiku ochrany osobn\u00edch \u00fadaj\u016f ka\u017ed\u00e9 konkr\u00e9tn\u00ed str\u00e1nky soci\u00e1ln\u00edch m\u00e9di\u00ed.     <\/p>\n\n<h2 class=\"wp-block-heading\">Nezletil\u00ed<\/h2>\n\n<p class=\"has-small-font-size\">Nez\u00edsk\u00e1v\u00e1me v\u011bdom\u011b informace o d\u011btech mlad\u0161\u00edch 16 let (\u201eD\u00edt\u011b\u201c). Pokud se dozv\u00edte, \u017ee n\u00e1m d\u00edt\u011b poskytlo osobn\u00ed \u00fadaje, kontaktujte n\u00e1s. Pokud zjist\u00edme, \u017ee jsme z\u00edskali osobn\u00ed \u00fadaje od d\u00edt\u011bte bez ov\u011b\u0159iteln\u00e9ho souhlasu jeho rodi\u010d\u016f pro p\u0159\u00edstup k na\u0161im slu\u017eb\u00e1m, podnikneme kroky k odstran\u011bn\u00ed t\u011bchto informac\u00ed z na\u0161ich server\u016f.  <\/p>\n\n<h2 class=\"wp-block-heading\">Odkazy na t\u0159et\u00ed strany<\/h2>\n\n<p class=\"has-small-font-size\">Na\u0161e webov\u00e1 str\u00e1nka obsahuje odkazy na jin\u00e9 webov\u00e9 str\u00e1nky t\u0159et\u00edch stran, kter\u00e9 nevlastn\u00ed ani nespravuje spole\u010dnost Tripleclick. Tato politika ochrany osobn\u00edch \u00fadaj\u016f se vztahuje pouze na tuto webovou str\u00e1nku. Pokud kliknete na odkaz na webovou str\u00e1nku t\u0159et\u00ed strany, bude platit politika ochrany osobn\u00edch \u00fadaj\u016f t\u00e9to webov\u00e9 str\u00e1nky. D\u016frazn\u011b doporu\u010dujeme, abyste si p\u0159e\u010detli politiky ochrany osobn\u00edch \u00fadaj\u016f jin\u00fdch webov\u00fdch str\u00e1nek, proto\u017ee se mohou li\u0161it od na\u0161ich.   <\/p>\n\n<h2 class=\"wp-block-heading\">F\u00faze, akvizice nebo prodej aktiv<\/h2>\n\n<p>Pokud jsme my nebo na\u0161e dce\u0159in\u00e9 spole\u010dnosti zapojeny do f\u00faze, akvizice nebo prodeje aktiv, va\u0161e osobn\u00ed \u00fadaje mohou b\u00fdt p\u0159evedeny.<\/p>\n\n<h2 class=\"wp-block-heading\">Aktualizace<\/h2>\n\n<p>Pravideln\u011b p\u0159ehodnocujeme na\u0161i politiku ochrany osobn\u00edch \u00fadaj\u016f a postupy, abychom zajistili, \u017ee spl\u0148uj\u00ed nejlep\u0161\u00ed praktiky. Tato politika byla naposledy aktualizov\u00e1na 13. \u010dervna 2024.  <\/p>\n\n<h2 class=\"wp-block-heading\">Kontaktujte n\u00e1s<\/h2>\n\n<p>Pokud m\u00e1te jak\u00e9koliv dotazy nebo n\u00e1vrhy t\u00fdkaj\u00edc\u00ed se na\u0161\u00ed politiky ochrany osobn\u00edch \u00fadaj\u016f nebo chcete v\u011bd\u011bt v\u00edce informac\u00ed o osobn\u00edch \u00fadaj\u00edch, kter\u00e9 uchov\u00e1v\u00e1me, kontaktujte n\u00e1s na e-mailu <a href=\"mailto:info@smartbase.sk\">info@smartbase.sk<\/a> nebo n\u00e1m napi\u0161te na adresu: SmartBase s.r.o., Pre\u0161ovsk\u00e1 40\/A, 821 02 Bratislava, Slovensko.<\/p>\n\n<h2 class=\"wp-block-heading\">St\u00ed\u017enosti<\/h2>\n\n<p>Pokud se domn\u00edv\u00e1te, \u017ee jsme poru\u0161ili sv\u00e9 z\u00e1vazky v\u016f\u010di v\u00e1m podle t\u00e9to politiky ochrany osobn\u00edch \u00fadaj\u016f nebo p\u0159\u00edslu\u0161n\u00fdch z\u00e1kon\u016f o ochran\u011b osobn\u00edch \u00fadaj\u016f, kontaktujte n\u00e1s na e-mailu <a href=\"mailto:info@smartbase.sk\">info@smartbase.sk<\/a>. Pokud nebudete spokojeni s na\u0161\u00ed odpov\u011bd\u00ed, m\u00e1te pr\u00e1vo podat st\u00ed\u017enost kdykoliv u sv\u00e9ho p\u0159\u00edslu\u0161n\u00e9ho \u00fa\u0159adu.<\/p>\n","protected":false},"excerpt":{"rendered":"<p>Tyto z\u00e1sady ochrany osobn\u00edch \u00fadaj\u016f stanovuj\u00ed, jak spole\u010dnost Tripleclick shroma\u017e\u010fuje, zpracov\u00e1v\u00e1 a pou\u017e\u00edv\u00e1 va\u0161e osobn\u00ed \u00fadaje prost\u0159ednictv\u00edm va\u0161eho pou\u017e\u00edv\u00e1n\u00ed na\u0161ich slu\u017eeb. Definice DPO znamen\u00e1 \u00da\u0159edn\u00edk pro ochranu osobn\u00edch \u00fadaj\u016f a je osobou speci\u00e1ln\u011b ur\u010denou k \u0159e\u0161en\u00ed va\u0161ich dotaz\u016f t\u00fdkaj\u00edc\u00edch se t\u00e9to politiky ochrany osobn\u00edch \u00fadaj\u016f a va\u0161ich osobn\u00edch \u00fadaj\u016f. Osobn\u00ed \u00fadaje znamenaj\u00ed jak\u00e9koli identifika\u010dn\u00ed \u00fadaje [&hellip;]<\/p>\n","protected":false},"author":1,"featured_media":0,"parent":0,"menu_order":0,"comment_status":"closed","ping_status":"open","template":"","meta":{"_acf_changed":false,"inline_featured_image":false,"footnotes":""},"class_list":["post-223","page","type-page","status-publish","hentry"],"acf":[],"yoast_head":"<!-- This site is optimized with the Yoast SEO plugin v26.7 - https:\/\/yoast.com\/wordpress\/plugins\/seo\/ -->\n<title>Ochrana osobn\u00edch \u00fadaj\u016f - Tripleclick<\/title>\n<meta name=\"robots\" content=\"index, follow, max-snippet:-1, max-image-preview:large, max-video-preview:-1\" \/>\n<link rel=\"canonical\" href=\"https:\/\/tripleclick.smartbase.sk\/cs\/ochrana-osobnich-udaju\/\" \/>\n<meta property=\"og:locale\" content=\"en_US\" \/>\n<meta property=\"og:type\" content=\"article\" \/>\n<meta property=\"og:title\" content=\"Ochrana osobn\u00edch \u00fadaj\u016f - Tripleclick\" \/>\n<meta property=\"og:description\" content=\"Tyto z\u00e1sady ochrany osobn\u00edch \u00fadaj\u016f stanovuj\u00ed, jak spole\u010dnost Tripleclick shroma\u017e\u010fuje, zpracov\u00e1v\u00e1 a pou\u017e\u00edv\u00e1 va\u0161e osobn\u00ed \u00fadaje prost\u0159ednictv\u00edm va\u0161eho pou\u017e\u00edv\u00e1n\u00ed na\u0161ich slu\u017eeb. Definice DPO znamen\u00e1 \u00da\u0159edn\u00edk pro ochranu osobn\u00edch \u00fadaj\u016f a je osobou speci\u00e1ln\u011b ur\u010denou k \u0159e\u0161en\u00ed va\u0161ich dotaz\u016f t\u00fdkaj\u00edc\u00edch se t\u00e9to politiky ochrany osobn\u00edch \u00fadaj\u016f a va\u0161ich osobn\u00edch \u00fadaj\u016f. Osobn\u00ed \u00fadaje znamenaj\u00ed jak\u00e9koli identifika\u010dn\u00ed \u00fadaje [&hellip;]\" \/>\n<meta property=\"og:url\" content=\"https:\/\/tripleclick.smartbase.sk\/cs\/ochrana-osobnich-udaju\/\" \/>\n<meta property=\"og:site_name\" content=\"Tripleclick\" \/>\n<meta property=\"article:modified_time\" content=\"2025-01-16T14:27:38+00:00\" \/>\n<meta name=\"twitter:card\" content=\"summary_large_image\" \/>\n<meta name=\"twitter:label1\" content=\"Est. reading time\" \/>\n\t<meta name=\"twitter:data1\" content=\"6 minutes\" \/>\n<script type=\"application\/ld+json\" class=\"yoast-schema-graph\">{\"@context\":\"https:\/\/schema.org\",\"@graph\":[{\"@type\":\"WebPage\",\"@id\":\"https:\/\/tripleclick.smartbase.sk\/cs\/ochrana-osobnich-udaju\/\",\"url\":\"https:\/\/tripleclick.smartbase.sk\/cs\/ochrana-osobnich-udaju\/\",\"name\":\"Ochrana osobn\u00edch \u00fadaj\u016f - Tripleclick\",\"isPartOf\":{\"@id\":\"https:\/\/tripleclick.smartbase.sk\/cs\/#website\"},\"datePublished\":\"2025-01-10T12:05:10+00:00\",\"dateModified\":\"2025-01-16T14:27:38+00:00\",\"breadcrumb\":{\"@id\":\"https:\/\/tripleclick.smartbase.sk\/cs\/ochrana-osobnich-udaju\/#breadcrumb\"},\"inLanguage\":\"cs\",\"potentialAction\":[{\"@type\":\"ReadAction\",\"target\":[\"https:\/\/tripleclick.smartbase.sk\/cs\/ochrana-osobnich-udaju\/\"]}]},{\"@type\":\"BreadcrumbList\",\"@id\":\"https:\/\/tripleclick.smartbase.sk\/cs\/ochrana-osobnich-udaju\/#breadcrumb\",\"itemListElement\":[{\"@type\":\"ListItem\",\"position\":1,\"name\":\"Domovsk\u00e1 str\u00e1nka\",\"item\":\"https:\/\/tripleclick.smartbase.sk\/cs\/\"},{\"@type\":\"ListItem\",\"position\":2,\"name\":\"Ochrana osobn\u00edch \u00fadaj\u016f\"}]},{\"@type\":\"WebSite\",\"@id\":\"https:\/\/tripleclick.smartbase.sk\/cs\/#website\",\"url\":\"https:\/\/tripleclick.smartbase.sk\/cs\/\",\"name\":\"Tripleclick\",\"description\":\"\",\"publisher\":{\"@id\":\"https:\/\/tripleclick.smartbase.sk\/cs\/#organization\"},\"potentialAction\":[{\"@type\":\"SearchAction\",\"target\":{\"@type\":\"EntryPoint\",\"urlTemplate\":\"https:\/\/tripleclick.smartbase.sk\/cs\/?s={search_term_string}\"},\"query-input\":{\"@type\":\"PropertyValueSpecification\",\"valueRequired\":true,\"valueName\":\"search_term_string\"}}],\"inLanguage\":\"cs\"},{\"@type\":\"Organization\",\"@id\":\"https:\/\/tripleclick.smartbase.sk\/cs\/#organization\",\"name\":\"Tripleclick\",\"url\":\"https:\/\/tripleclick.smartbase.sk\/cs\/\",\"logo\":{\"@type\":\"ImageObject\",\"inLanguage\":\"cs\",\"@id\":\"https:\/\/tripleclick.smartbase.sk\/cs\/#\/schema\/logo\/image\/\",\"url\":\"https:\/\/tripleclick.cz\/wp-content\/uploads\/2025\/01\/og-image.jpg\",\"contentUrl\":\"https:\/\/tripleclick.cz\/wp-content\/uploads\/2025\/01\/og-image.jpg\",\"width\":1200,\"height\":630,\"caption\":\"Tripleclick\"},\"image\":{\"@id\":\"https:\/\/tripleclick.smartbase.sk\/cs\/#\/schema\/logo\/image\/\"}}]}<\/script>\n<!-- \/ Yoast SEO plugin. -->","yoast_head_json":{"title":"Ochrana osobn\u00edch \u00fadaj\u016f - Tripleclick","robots":{"index":"index","follow":"follow","max-snippet":"max-snippet:-1","max-image-preview":"max-image-preview:large","max-video-preview":"max-video-preview:-1"},"canonical":"https:\/\/tripleclick.smartbase.sk\/cs\/ochrana-osobnich-udaju\/","og_locale":"en_US","og_type":"article","og_title":"Ochrana osobn\u00edch \u00fadaj\u016f - Tripleclick","og_description":"Tyto z\u00e1sady ochrany osobn\u00edch \u00fadaj\u016f stanovuj\u00ed, jak spole\u010dnost Tripleclick shroma\u017e\u010fuje, zpracov\u00e1v\u00e1 a pou\u017e\u00edv\u00e1 va\u0161e osobn\u00ed \u00fadaje prost\u0159ednictv\u00edm va\u0161eho pou\u017e\u00edv\u00e1n\u00ed na\u0161ich slu\u017eeb. Definice DPO znamen\u00e1 \u00da\u0159edn\u00edk pro ochranu osobn\u00edch \u00fadaj\u016f a je osobou speci\u00e1ln\u011b ur\u010denou k \u0159e\u0161en\u00ed va\u0161ich dotaz\u016f t\u00fdkaj\u00edc\u00edch se t\u00e9to politiky ochrany osobn\u00edch \u00fadaj\u016f a va\u0161ich osobn\u00edch \u00fadaj\u016f. Osobn\u00ed \u00fadaje znamenaj\u00ed jak\u00e9koli identifika\u010dn\u00ed \u00fadaje [&hellip;]","og_url":"https:\/\/tripleclick.smartbase.sk\/cs\/ochrana-osobnich-udaju\/","og_site_name":"Tripleclick","article_modified_time":"2025-01-16T14:27:38+00:00","twitter_card":"summary_large_image","twitter_misc":{"Est. reading time":"6 minutes"},"schema":{"@context":"https:\/\/schema.org","@graph":[{"@type":"WebPage","@id":"https:\/\/tripleclick.smartbase.sk\/cs\/ochrana-osobnich-udaju\/","url":"https:\/\/tripleclick.smartbase.sk\/cs\/ochrana-osobnich-udaju\/","name":"Ochrana osobn\u00edch \u00fadaj\u016f - Tripleclick","isPartOf":{"@id":"https:\/\/tripleclick.smartbase.sk\/cs\/#website"},"datePublished":"2025-01-10T12:05:10+00:00","dateModified":"2025-01-16T14:27:38+00:00","breadcrumb":{"@id":"https:\/\/tripleclick.smartbase.sk\/cs\/ochrana-osobnich-udaju\/#breadcrumb"},"inLanguage":"cs","potentialAction":[{"@type":"ReadAction","target":["https:\/\/tripleclick.smartbase.sk\/cs\/ochrana-osobnich-udaju\/"]}]},{"@type":"BreadcrumbList","@id":"https:\/\/tripleclick.smartbase.sk\/cs\/ochrana-osobnich-udaju\/#breadcrumb","itemListElement":[{"@type":"ListItem","position":1,"name":"Domovsk\u00e1 str\u00e1nka","item":"https:\/\/tripleclick.smartbase.sk\/cs\/"},{"@type":"ListItem","position":2,"name":"Ochrana osobn\u00edch \u00fadaj\u016f"}]},{"@type":"WebSite","@id":"https:\/\/tripleclick.smartbase.sk\/cs\/#website","url":"https:\/\/tripleclick.smartbase.sk\/cs\/","name":"Tripleclick","description":"","publisher":{"@id":"https:\/\/tripleclick.smartbase.sk\/cs\/#organization"},"potentialAction":[{"@type":"SearchAction","target":{"@type":"EntryPoint","urlTemplate":"https:\/\/tripleclick.smartbase.sk\/cs\/?s={search_term_string}"},"query-input":{"@type":"PropertyValueSpecification","valueRequired":true,"valueName":"search_term_string"}}],"inLanguage":"cs"},{"@type":"Organization","@id":"https:\/\/tripleclick.smartbase.sk\/cs\/#organization","name":"Tripleclick","url":"https:\/\/tripleclick.smartbase.sk\/cs\/","logo":{"@type":"ImageObject","inLanguage":"cs","@id":"https:\/\/tripleclick.smartbase.sk\/cs\/#\/schema\/logo\/image\/","url":"https:\/\/tripleclick.cz\/wp-content\/uploads\/2025\/01\/og-image.jpg","contentUrl":"https:\/\/tripleclick.cz\/wp-content\/uploads\/2025\/01\/og-image.jpg","width":1200,"height":630,"caption":"Tripleclick"},"image":{"@id":"https:\/\/tripleclick.smartbase.sk\/cs\/#\/schema\/logo\/image\/"}}]}},"_links":{"self":[{"href":"https:\/\/tripleclick.smartbase.sk\/cs\/wp-json\/wp\/v2\/pages\/223","targetHints":{"allow":["GET"]}}],"collection":[{"href":"https:\/\/tripleclick.smartbase.sk\/cs\/wp-json\/wp\/v2\/pages"}],"about":[{"href":"https:\/\/tripleclick.smartbase.sk\/cs\/wp-json\/wp\/v2\/types\/page"}],"author":[{"embeddable":true,"href":"https:\/\/tripleclick.smartbase.sk\/cs\/wp-json\/wp\/v2\/users\/1"}],"replies":[{"embeddable":true,"href":"https:\/\/tripleclick.smartbase.sk\/cs\/wp-json\/wp\/v2\/comments?post=223"}],"version-history":[{"count":2,"href":"https:\/\/tripleclick.smartbase.sk\/cs\/wp-json\/wp\/v2\/pages\/223\/revisions"}],"predecessor-version":[{"id":316,"href":"https:\/\/tripleclick.smartbase.sk\/cs\/wp-json\/wp\/v2\/pages\/223\/revisions\/316"}],"wp:attachment":[{"href":"https:\/\/tripleclick.smartbase.sk\/cs\/wp-json\/wp\/v2\/media?parent=223"}],"curies":[{"name":"wp","href":"https:\/\/api.w.org\/{rel}","templated":true}]}}